{"id":37,"date":"2019-11-07T21:06:44","date_gmt":"2019-11-07T21:06:44","guid":{"rendered":"http:\/\/www.crysaut.co.uk\/gwybodaeth\/?page_id=37"},"modified":"2019-11-10T22:33:42","modified_gmt":"2019-11-10T22:33:42","slug":"amdanom","status":"publish","type":"page","link":"https:\/\/www.crysaut.co.uk\/gwybodaeth\/","title":{"rendered":"Amdanom"},"content":{"rendered":"\n<p><strong>Crysaut.co.uk<\/strong> &#8211; Crysau T a hoodies Cymraeg.<\/p>\n\n\n\n<p>Y mae <strong><a href=\"http:\/\/crysaut.co.uk\">Crysaut.co.uk<\/a><\/strong> yn cynllunio&#8217;r crysau t, hoodies ag anrhegion ac yn gweithio gyda chwmni printio masnachol ar-lein &#8211; <strong><a href=\"https:\/\/www.spreadshirt.co.uk\/\">Spreadshirt<\/a><\/strong>.<\/p>\n\n\n\n<p>Nid <strong>Crysaut.co.uk<\/strong> sydd yn gwneud y gwaith printio. <\/p>\n\n\n\n<p>Defnyddiwch dudalennau&#8217;r gwefan yma ar gyfer cysylltu yngl\u0177n \u00e2 thaliadau, trosglwyddiadau ac unrhyw fater arall yngl\u0177n \u00e2&#8217;r cynnyrch.<\/p>\n\n\n\n<p>Os ydych eisiau awgrymu unrhyw gynnyrch danfonwch e-bost postmaster at <strong>crysaut.co.uk<\/strong>.<\/p>\n\n\n\n<p>Edrychwch allan am gynnyrch newydd sydd yn cael ei ategu i&#8217;r safle.<\/p>\n\n\n\n<h2>About Us<\/h2>\n\n\n\n<p><a href=\"http:\/\/www.crysaut.co.uk\">Crysaut.co.uk<\/a> simply design the tshirts, hoodies and gifts and use the Spreadshirt interface to display the products.<\/p>\n\n\n\n<p><strong>Spreadshirt<\/strong> print the tshirts, hoodies and gifts. The payment is done through <strong>Spreadshir<\/strong><a href=\"http:\/\/www.spreadshirt.net\/en\/GB\/T-Shirt\/Spreadshirt-1342\/\">t<\/a> and they arrange for the items to be delivered.<\/p>\n\n\n\n<p>Please use the pages provided by <strong>Spreadshir<\/strong><a href=\"http:\/\/crysaut.spreadshirt.net\/en\/GB\/Shop\/Help\/index\">t<\/a> to contact regarding payment, delivery, and any other product related issues.<\/p>\n\n\n\n<p>If you would like to suggest a product then please feel free to email us <strong>postmaster at crysaut.co.uk<\/strong>. Welsh language product suggestions are always welcomed.<\/p>\n\n\n\n<p>Please continue to <a href=\"http:\/\/www.crysaut.co.uk\">look at our site<\/a> as new tshirts, hoodies and gifts continue to be added.<\/p>\n","protected":false},"excerpt":{"rendered":"<p>Crysaut.co.uk &#8211; Crysau T a hoodies Cymraeg. Y mae Crysaut.co.uk yn cynllunio&#8217;r crysau t, hoodies ag anrhegion ac yn gweithio gyda chwmni printio masnachol ar-lein &#8211; Spreadshirt. Nid Crysaut.co.uk sydd yn gwneud y gwaith printio. Defnyddiwch dudalennau&#8217;r gwefan yma ar<\/p>\n","protected":false},"author":1,"featured_media":0,"parent":0,"menu_order":0,"comment_status":"closed","ping_status":"closed","template":"","meta":[],"yoast_head":"<!-- This site is optimized with the Yoast SEO plugin v15.5 - https:\/\/yoast.com\/wordpress\/plugins\/seo\/ -->\n<title>Amdanom - Crysaut.co.uk<\/title>\n<meta name=\"robots\" content=\"index, follow, max-snippet:-1, max-image-preview:large, max-video-preview:-1\" \/>\n<link rel=\"canonical\" href=\"https:\/\/www.crysaut.co.uk\/gwybodaeth\/\" \/>\n<meta property=\"og:locale\" content=\"en_GB\" \/>\n<meta property=\"og:type\" content=\"article\" \/>\n<meta property=\"og:title\" content=\"Amdanom - Crysaut.co.uk\" \/>\n<meta property=\"og:description\" content=\"Crysaut.co.uk &#8211; Crysau T a hoodies Cymraeg. Y mae Crysaut.co.uk yn cynllunio&#8217;r crysau t, hoodies ag anrhegion ac yn gweithio gyda chwmni printio masnachol ar-lein &#8211; Spreadshirt. Nid Crysaut.co.uk sydd yn gwneud y gwaith printio. Defnyddiwch dudalennau&#8217;r gwefan yma ar\" \/>\n<meta property=\"og:url\" content=\"https:\/\/www.crysaut.co.uk\/gwybodaeth\/\" \/>\n<meta property=\"og:site_name\" content=\"Crysaut.co.uk\" \/>\n<meta property=\"article:modified_time\" content=\"2019-11-10T22:33:42+00:00\" \/>\n<meta name=\"twitter:card\" content=\"summary_large_image\" \/>\n<meta name=\"twitter:label1\" content=\"Estimated reading time\">\n\t<meta name=\"twitter:data1\" content=\"1 minute\">\n<script type=\"application\/ld+json\" class=\"yoast-schema-graph\">{\"@context\":\"https:\/\/schema.org\",\"@graph\":[{\"@type\":\"WebSite\",\"@id\":\"https:\/\/www.crysaut.co.uk\/gwybodaeth\/#website\",\"url\":\"https:\/\/www.crysaut.co.uk\/gwybodaeth\/\",\"name\":\"Crysaut.co.uk\",\"description\":\"Crysau T a Hoodies Cymraeg \/ Welsh TShirts and hoodies.\",\"potentialAction\":[{\"@type\":\"SearchAction\",\"target\":\"https:\/\/www.crysaut.co.uk\/gwybodaeth\/?s={search_term_string}\",\"query-input\":\"required name=search_term_string\"}],\"inLanguage\":\"en-GB\"},{\"@type\":\"WebPage\",\"@id\":\"https:\/\/www.crysaut.co.uk\/gwybodaeth\/#webpage\",\"url\":\"https:\/\/www.crysaut.co.uk\/gwybodaeth\/\",\"name\":\"Amdanom - Crysaut.co.uk\",\"isPartOf\":{\"@id\":\"https:\/\/www.crysaut.co.uk\/gwybodaeth\/#website\"},\"datePublished\":\"2019-11-07T21:06:44+00:00\",\"dateModified\":\"2019-11-10T22:33:42+00:00\",\"inLanguage\":\"en-GB\",\"potentialAction\":[{\"@type\":\"ReadAction\",\"target\":[\"https:\/\/www.crysaut.co.uk\/gwybodaeth\/\"]}]}]}<\/script>\n<!-- \/ Yoast SEO plugin. -->","_links":{"self":[{"href":"https:\/\/www.crysaut.co.uk\/gwybodaeth\/wp-json\/wp\/v2\/pages\/37"}],"collection":[{"href":"https:\/\/www.crysaut.co.uk\/gwybodaeth\/wp-json\/wp\/v2\/pages"}],"about":[{"href":"https:\/\/www.crysaut.co.uk\/gwybodaeth\/wp-json\/wp\/v2\/types\/page"}],"author":[{"embeddable":true,"href":"https:\/\/www.crysaut.co.uk\/gwybodaeth\/wp-json\/wp\/v2\/users\/1"}],"replies":[{"embeddable":true,"href":"https:\/\/www.crysaut.co.uk\/gwybodaeth\/wp-json\/wp\/v2\/comments?post=37"}],"version-history":[{"count":2,"href":"https:\/\/www.crysaut.co.uk\/gwybodaeth\/wp-json\/wp\/v2\/pages\/37\/revisions"}],"predecessor-version":[{"id":49,"href":"https:\/\/www.crysaut.co.uk\/gwybodaeth\/wp-json\/wp\/v2\/pages\/37\/revisions\/49"}],"wp:attachment":[{"href":"https:\/\/www.crysaut.co.uk\/gwybodaeth\/wp-json\/wp\/v2\/media?parent=37"}],"curies":[{"name":"wp","href":"https:\/\/api.w.org\/{rel}","templated":true}]}}